{"id":7,"date":"2023-02-01T12:58:56","date_gmt":"2023-02-01T11:58:56","guid":{"rendered":"https:\/\/flyer-bodensee.de\/?page_id=7"},"modified":"2023-11-08T17:19:28","modified_gmt":"2023-11-08T16:19:28","slug":"flyer-bodensee-de","status":"publish","type":"page","link":"https:\/\/flyer-bodensee.de\/","title":{"rendered":"flyer-bodensee-de"},"content":{"rendered":"\t\t<div data-elementor-type=\"wp-page\" data-elementor-id=\"7\" class=\"elementor elementor-7\">\n\t\t\t\t\t\t\t\t\t<section class=\"elementor-section elementor-top-section elementor-element elementor-element-e9f122d elementor-section-full_width elementor-section-height-default elementor-section-height-default\" data-id=\"e9f122d\" data-element_type=\"section\">\n\t\t\t\t\t\t<div class=\"elementor-container elementor-column-gap-default\">\n\t\t\t\t\t<div class=\"elementor-column elementor-col-100 elementor-top-column elementor-element elementor-element-2f4f075\" data-id=\"2f4f075\" data-element_type=\"column\">\n\t\t\t<div class=\"elementor-widget-wrap elementor-element-populated\">\n\t\t\t\t\t\t\t\t<div class=\"elementor-element elementor-element-27b7be0 elementor-widget elementor-widget-image\" data-id=\"27b7be0\" data-element_type=\"widget\" data-widget_type=\"image.default\">\n\t\t\t\t<div class=\"elementor-widget-container\">\n\t\t\t<style>\/*! elementor - v3.10.2 - 29-01-2023 *\/\n.elementor-widget-image{text-align:center}.elementor-widget-image a{display:inline-block}.elementor-widget-image a img[src$=\".svg\"]{width:48px}.elementor-widget-image img{vertical-align:middle;display:inline-block}<\/style>\t\t\t\t\t\t\t\t\t\t\t\t<img loading=\"lazy\" decoding=\"async\" width=\"2200\" height=\"1255\" src=\"https:\/\/flyer-bodensee.de\/wp-content\/uploads\/2023\/02\/fly1.png\" class=\"attachment-full size-full wp-image-12\" alt=\"\" srcset=\"https:\/\/flyer-bodensee.de\/wp-content\/uploads\/2023\/02\/fly1.png 2200w, https:\/\/flyer-bodensee.de\/wp-content\/uploads\/2023\/02\/fly1-300x171.png 300w, https:\/\/flyer-bodensee.de\/wp-content\/uploads\/2023\/02\/fly1-1024x584.png 1024w, https:\/\/flyer-bodensee.de\/wp-content\/uploads\/2023\/02\/fly1-768x438.png 768w, https:\/\/flyer-bodensee.de\/wp-content\/uploads\/2023\/02\/fly1-1536x876.png 1536w, https:\/\/flyer-bodensee.de\/wp-content\/uploads\/2023\/02\/fly1-2048x1168.png 2048w\" sizes=\"auto, (max-width: 2200px) 100vw, 2200px\" \/>\t\t\t\t\t\t\t\t\t\t\t\t\t\t\t<\/div>\n\t\t\t\t<\/div>\n\t\t\t\t\t<\/div>\n\t\t<\/div>\n\t\t\t\t\t\t\t<\/div>\n\t\t<\/section>\n\t\t\t\t<section class=\"elementor-section elementor-top-section elementor-element elementor-element-14a3181 elementor-section-boxed elementor-section-height-default elementor-section-height-default\" data-id=\"14a3181\" data-element_type=\"section\">\n\t\t\t\t\t\t<div class=\"elementor-container elementor-column-gap-default\">\n\t\t\t\t\t<div class=\"elementor-column elementor-col-100 elementor-top-column elementor-element elementor-element-93c318a\" data-id=\"93c318a\" data-element_type=\"column\">\n\t\t\t<div class=\"elementor-widget-wrap elementor-element-populated\">\n\t\t\t\t\t\t\t\t<div class=\"elementor-element elementor-element-54b14fc elementor-widget elementor-widget-text-editor\" data-id=\"54b14fc\" data-element_type=\"widget\" data-widget_type=\"text-editor.default\">\n\t\t\t\t<div class=\"elementor-widget-container\">\n\t\t\t<style>\/*! elementor - v3.10.2 - 29-01-2023 *\/\n.elementor-widget-text-editor.elementor-drop-cap-view-stacked .elementor-drop-cap{background-color:#818a91;color:#fff}.elementor-widget-text-editor.elementor-drop-cap-view-framed .elementor-drop-cap{color:#818a91;border:3px solid;background-color:transparent}.elementor-widget-text-editor:not(.elementor-drop-cap-view-default) .elementor-drop-cap{margin-top:8px}.elementor-widget-text-editor:not(.elementor-drop-cap-view-default) .elementor-drop-cap-letter{width:1em;height:1em}.elementor-widget-text-editor .elementor-drop-cap{float:left;text-align:center;line-height:1;font-size:50px}.elementor-widget-text-editor .elementor-drop-cap-letter{display:inline-block}<\/style>\t\t\t\t<p>ACHTUNG:<br \/>Unsere Webseite wird momentan \u00fcberarbeitet, ein online bestellen ist momentan nicht m\u00f6glich&#8230; sorry!<br \/>Wir arbeiten mit Hochdruck daran.. sollten Sie eine Frage haben sind wir zu den Gesch\u00e4ftszeiten gerne am Telefon f\u00fcr Sie da: <br \/>07723 \/ 950 386 oder: 0176\/83842138<br \/>oder per Mail:<a href=\"mailto:mail@flyer-bodensee.online\">mail@flyer-bodensee.online<\/a><\/p>\t\t\t\t\t\t<\/div>\n\t\t\t\t<\/div>\n\t\t\t\t\t<\/div>\n\t\t<\/div>\n\t\t\t\t\t\t\t<\/div>\n\t\t<\/section>\n\t\t\t\t<section class=\"elementor-section elementor-top-section elementor-element elementor-element-d7c2294 elementor-section-full_width elementor-section-height-default elementor-section-height-default\" data-id=\"d7c2294\" data-element_type=\"section\">\n\t\t\t\t\t\t<div class=\"elementor-container elementor-column-gap-default\">\n\t\t\t\t\t<div class=\"elementor-column elementor-col-100 elementor-top-column elementor-element elementor-element-1221cab\" data-id=\"1221cab\" data-element_type=\"column\">\n\t\t\t<div class=\"elementor-widget-wrap elementor-element-populated\">\n\t\t\t\t\t\t\t\t<div class=\"elementor-element elementor-element-b45a845 elementor-widget elementor-widget-image\" data-id=\"b45a845\" data-element_type=\"widget\" data-widget_type=\"image.default\">\n\t\t\t\t<div class=\"elementor-widget-container\">\n\t\t\t\t\t\t\t\t\t\t\t\t\t\t\t<img loading=\"lazy\" decoding=\"async\" width=\"2200\" height=\"1001\" src=\"https:\/\/flyer-bodensee.de\/wp-content\/uploads\/2023\/02\/fly2.png\" class=\"attachment-full size-full wp-image-11\" alt=\"\" srcset=\"https:\/\/flyer-bodensee.de\/wp-content\/uploads\/2023\/02\/fly2.png 2200w, https:\/\/flyer-bodensee.de\/wp-content\/uploads\/2023\/02\/fly2-300x137.png 300w, https:\/\/flyer-bodensee.de\/wp-content\/uploads\/2023\/02\/fly2-1024x466.png 1024w, https:\/\/flyer-bodensee.de\/wp-content\/uploads\/2023\/02\/fly2-768x349.png 768w, https:\/\/flyer-bodensee.de\/wp-content\/uploads\/2023\/02\/fly2-1536x699.png 1536w, https:\/\/flyer-bodensee.de\/wp-content\/uploads\/2023\/02\/fly2-2048x932.png 2048w\" sizes=\"auto, (max-width: 2200px) 100vw, 2200px\" \/>\t\t\t\t\t\t\t\t\t\t\t\t\t\t\t<\/div>\n\t\t\t\t<\/div>\n\t\t\t\t\t<\/div>\n\t\t<\/div>\n\t\t\t\t\t\t\t<\/div>\n\t\t<\/section>\n\t\t\t\t<section class=\"elementor-section elementor-top-section elementor-element elementor-element-0401e31 elementor-section-full_width elementor-section-height-default elementor-section-height-default\" data-id=\"0401e31\" data-element_type=\"section\">\n\t\t\t\t\t\t<div class=\"elementor-container elementor-column-gap-default\">\n\t\t\t\t\t<div class=\"elementor-column elementor-col-100 elementor-top-column elementor-element elementor-element-2572234\" data-id=\"2572234\" data-element_type=\"column\">\n\t\t\t<div class=\"elementor-widget-wrap elementor-element-populated\">\n\t\t\t\t\t\t\t\t<div class=\"elementor-element elementor-element-d6e8132 elementor-widget elementor-widget-image\" data-id=\"d6e8132\" data-element_type=\"widget\" data-widget_type=\"image.default\">\n\t\t\t\t<div class=\"elementor-widget-container\">\n\t\t\t\t\t\t\t\t\t\t\t\t\t\t\t<img loading=\"lazy\" decoding=\"async\" width=\"2200\" height=\"1155\" src=\"https:\/\/flyer-bodensee.de\/wp-content\/uploads\/2023\/02\/fly3.png\" class=\"attachment-full size-full wp-image-9\" alt=\"\" srcset=\"https:\/\/flyer-bodensee.de\/wp-content\/uploads\/2023\/02\/fly3.png 2200w, https:\/\/flyer-bodensee.de\/wp-content\/uploads\/2023\/02\/fly3-300x158.png 300w, https:\/\/flyer-bodensee.de\/wp-content\/uploads\/2023\/02\/fly3-1024x538.png 1024w, https:\/\/flyer-bodensee.de\/wp-content\/uploads\/2023\/02\/fly3-768x403.png 768w, https:\/\/flyer-bodensee.de\/wp-content\/uploads\/2023\/02\/fly3-1536x806.png 1536w, https:\/\/flyer-bodensee.de\/wp-content\/uploads\/2023\/02\/fly3-2048x1075.png 2048w\" sizes=\"auto, (max-width: 2200px) 100vw, 2200px\" \/>\t\t\t\t\t\t\t\t\t\t\t\t\t\t\t<\/div>\n\t\t\t\t<\/div>\n\t\t\t\t\t<\/div>\n\t\t<\/div>\n\t\t\t\t\t\t\t<\/div>\n\t\t<\/section>\n\t\t\t\t<section class=\"elementor-section elementor-top-section elementor-element elementor-element-719cda2 elementor-section-full_width elementor-section-height-default elementor-section-height-default\" data-id=\"719cda2\" data-element_type=\"section\">\n\t\t\t\t\t\t<div class=\"elementor-container elementor-column-gap-default\">\n\t\t\t\t\t<div class=\"elementor-column elementor-col-100 elementor-top-column elementor-element elementor-element-e80d8a7\" data-id=\"e80d8a7\" data-element_type=\"column\">\n\t\t\t<div class=\"elementor-widget-wrap elementor-element-populated\">\n\t\t\t\t\t\t\t\t<div class=\"elementor-element elementor-element-8ffb77b elementor-widget elementor-widget-image\" data-id=\"8ffb77b\" data-element_type=\"widget\" data-widget_type=\"image.default\">\n\t\t\t\t<div class=\"elementor-widget-container\">\n\t\t\t\t\t\t\t\t\t\t\t\t\t\t\t<img loading=\"lazy\" decoding=\"async\" width=\"2200\" height=\"831\" src=\"https:\/\/flyer-bodensee.de\/wp-content\/uploads\/2023\/02\/fly4.png\" class=\"attachment-full size-full wp-image-10\" alt=\"\" srcset=\"https:\/\/flyer-bodensee.de\/wp-content\/uploads\/2023\/02\/fly4.png 2200w, https:\/\/flyer-bodensee.de\/wp-content\/uploads\/2023\/02\/fly4-300x113.png 300w, https:\/\/flyer-bodensee.de\/wp-content\/uploads\/2023\/02\/fly4-1024x387.png 1024w, https:\/\/flyer-bodensee.de\/wp-content\/uploads\/2023\/02\/fly4-768x290.png 768w, https:\/\/flyer-bodensee.de\/wp-content\/uploads\/2023\/02\/fly4-1536x580.png 1536w, https:\/\/flyer-bodensee.de\/wp-content\/uploads\/2023\/02\/fly4-2048x774.png 2048w\" sizes=\"auto, (max-width: 2200px) 100vw, 2200px\" \/>\t\t\t\t\t\t\t\t\t\t\t\t\t\t\t<\/div>\n\t\t\t\t<\/div>\n\t\t\t\t\t<\/div>\n\t\t<\/div>\n\t\t\t\t\t\t\t<\/div>\n\t\t<\/section>\n\t\t\t\t\t\t\t<\/div>\n\t\t","protected":false},"excerpt":{"rendered":"<p>ACHTUNG:Unsere Webseite wird momentan \u00fcberarbeitet, ein online bestellen ist momentan nicht m\u00f6glich&#8230; sorry!Wir arbeiten mit Hochdruck daran.. sollten Sie eine Frage haben sind wir zu den Gesch\u00e4ftszeiten gerne am Telefon f\u00fcr Sie da: 07723 \/ 950 386 oder: 0176\/83842138oder per Mail:mail@flyer-bodensee.online<\/p>\n","protected":false},"author":1,"featured_media":0,"parent":0,"menu_order":0,"comment_status":"closed","ping_status":"closed","template":"elementor_header_footer","meta":{"footnotes":""},"class_list":["post-7","page","type-page","status-publish","hentry","entry"],"_links":{"self":[{"href":"https:\/\/flyer-bodensee.de\/index.php?rest_route=\/wp\/v2\/pages\/7","targetHints":{"allow":["GET"]}}],"collection":[{"href":"https:\/\/flyer-bodensee.de\/index.php?rest_route=\/wp\/v2\/pages"}],"about":[{"href":"https:\/\/flyer-bodensee.de\/index.php?rest_route=\/wp\/v2\/types\/page"}],"author":[{"embeddable":true,"href":"https:\/\/flyer-bodensee.de\/index.php?rest_route=\/wp\/v2\/users\/1"}],"replies":[{"embeddable":true,"href":"https:\/\/flyer-bodensee.de\/index.php?rest_route=%2Fwp%2Fv2%2Fcomments&post=7"}],"version-history":[{"count":25,"href":"https:\/\/flyer-bodensee.de\/index.php?rest_route=\/wp\/v2\/pages\/7\/revisions"}],"predecessor-version":[{"id":58,"href":"https:\/\/flyer-bodensee.de\/index.php?rest_route=\/wp\/v2\/pages\/7\/revisions\/58"}],"wp:attachment":[{"href":"https:\/\/flyer-bodensee.de\/index.php?rest_route=%2Fwp%2Fv2%2Fmedia&parent=7"}],"curies":[{"name":"wp","href":"https:\/\/api.w.org\/{rel}","templated":true}]}}